{"id":24,"date":"2016-03-18T13:48:24","date_gmt":"2016-03-18T13:48:24","guid":{"rendered":"http:\/\/fourtytwo.me\/wp\/?page_id=24"},"modified":"2025-01-03T09:34:56","modified_gmt":"2025-01-03T09:34:56","slug":"uber-mich","status":"publish","type":"page","link":"https:\/\/fourtytwo.me\/?page_id=24","title":{"rendered":"\u00dcber mich"},"content":{"rendered":"<p>&nbsp;<\/p>\n<div style=\"float: left;\">\n<p style=\"text-align: left;\"><a href=\"https:\/\/www.fourtytwo.me\/wp-content\/uploads\/2023\/03\/05_web.jpg\"><img loading=\"lazy\" decoding=\"async\" class=\"alignleft size-medium wp-image-31\" style=\"border: 1px dotted; padding: 1em; margin: 0px 2em 0px -2em;\" src=\"https:\/\/www.fourtytwo.me\/wp-content\/uploads\/2023\/03\/05_web.jpg\" alt=\"Klaus Denzinger\" width=\"300\" height=\"199\" \/><\/a><\/p>\n<\/div>\n<blockquote><p>Als Consultant verf\u00fcge ich \u00fcber 24 Jahre erfolgreicher Projekterfahrung in der IT, 21 Jahre davon in der IT-Sicherheit im Enterprise Umfeld.<\/p><\/blockquote>\n<div style=\"float: left;\">\n<p style=\"text-align: left;\"><strong>Projektstatus:<\/strong><br \/>\nDerzeit bin ich nicht offen f\u00fcr neue Projektanfragen<\/p>\n<p style=\"text-align: left;\"><strong>Studienabschlu\u00df:<\/strong><br \/>\nDipl.-Ing. (FH)<br \/>\nDiplomarbeit: Bewertung der Toxizit\u00e4t von Cyanacrylat-D\u00e4mpfen unter dem Aspekt des Arbeitsschutzes &#8211; Absch\u00e4tzung der Wirksamkeit von Methoden zur Absaugung und Neutralisation von Cyanacrylat-D\u00e4mpfen (Note 1,3)<\/p>\n<p style=\"text-align: left;\"><strong>Allgemeine Interessen:<\/strong><br \/>\nHiFi und High-End, Kochen, Volleyball<\/p>\n<\/div>\n<p>&nbsp;<\/p>\n","protected":false},"excerpt":{"rendered":"<p>&nbsp; Als Consultant verf\u00fcge ich \u00fcber 24 Jahre erfolgreicher Projekterfahrung in der IT, 21 Jahre davon in der IT-Sicherheit im Enterprise Umfeld. Projektstatus: Derzeit bin ich nicht offen f\u00fcr neue Projektanfragen Studienabschlu\u00df:<a class=\"moretag\" href=\"https:\/\/fourtytwo.me\/?page_id=24\">Read More&#8230;<\/a><\/p>\n","protected":false},"author":1,"featured_media":0,"parent":0,"menu_order":3,"comment_status":"closed","ping_status":"closed","template":"page-sidebar.php","meta":{"footnotes":""},"class_list":["post-24","page","type-page","status-publish","hentry"],"_links":{"self":[{"href":"https:\/\/fourtytwo.me\/index.php?rest_route=\/wp\/v2\/pages\/24","targetHints":{"allow":["GET"]}}],"collection":[{"href":"https:\/\/fourtytwo.me\/index.php?rest_route=\/wp\/v2\/pages"}],"about":[{"href":"https:\/\/fourtytwo.me\/index.php?rest_route=\/wp\/v2\/types\/page"}],"author":[{"embeddable":true,"href":"https:\/\/fourtytwo.me\/index.php?rest_route=\/wp\/v2\/users\/1"}],"replies":[{"embeddable":true,"href":"https:\/\/fourtytwo.me\/index.php?rest_route=%2Fwp%2Fv2%2Fcomments&post=24"}],"version-history":[{"count":10,"href":"https:\/\/fourtytwo.me\/index.php?rest_route=\/wp\/v2\/pages\/24\/revisions"}],"predecessor-version":[{"id":277,"href":"https:\/\/fourtytwo.me\/index.php?rest_route=\/wp\/v2\/pages\/24\/revisions\/277"}],"wp:attachment":[{"href":"https:\/\/fourtytwo.me\/index.php?rest_route=%2Fwp%2Fv2%2Fmedia&parent=24"}],"curies":[{"name":"wp","href":"https:\/\/api.w.org\/{rel}","templated":true}]}}